{"id":721,"date":"2019-06-08T16:30:00","date_gmt":"2019-06-08T14:30:00","guid":{"rendered":"https:\/\/store.natuerlich-nordisch.de\/?post_type=product&#038;p=721"},"modified":"2025-05-24T09:39:48","modified_gmt":"2025-05-24T07:39:48","slug":"nummern-kubb-spiel","status":"publish","type":"product","link":"https:\/\/store.natuerlich-nordisch.de\/?product=nummern-kubb-spiel","title":{"rendered":"Nummern Kubb (Spiel)"},"content":{"rendered":"<div>\n<h1>Nummern Kubb (Spiel)<\/h1>\n<\/div>\n<div class=\"contentContainer\">\n<div class=\"contentText\">\n<div id=\"piGal\"><\/div>\n<p>Wikingerspiel Nummern Kubb, im Baumwollbeutel ; Nummern Kubb &#8211; der neue Trend aus Skandinavien. Ziel des Spiels ist es, durch Umwerfen der Nummern-Kubbs genau 50 Punkte zu erreichen. F\u00f6rdert die Motorik und das Zahlenverst\u00e4ndnis. Ma\u00dfe: H= ca. 14,5 cm, \u00d8 ca. 4,5 cm ; Anzahl: 13 Teile ; Material: Holz und Baumwolle ;<\/p>\n<\/div>\n<\/div>\n","protected":false},"excerpt":{"rendered":"<p>Nummern Kubb<\/p>\n","protected":false},"featured_media":722,"comment_status":"open","ping_status":"closed","template":"","meta":[],"product_brand":[],"product_cat":[165,1449,527],"product_tag":[],"class_list":{"0":"post-721","1":"product","2":"type-product","3":"status-publish","4":"has-post-thumbnail","6":"product_cat-elch-und-schwedenartikel","7":"product_cat-schweden","8":"product_cat-thermometer","10":"first","11":"instock","12":"sale","13":"taxable","14":"shipping-taxable","15":"purchasable","16":"product-type-simple"},"_links":{"self":[{"href":"https:\/\/store.natuerlich-nordisch.de\/index.php?rest_route=\/wp\/v2\/product\/721","targetHints":{"allow":["GET"]}}],"collection":[{"href":"https:\/\/store.natuerlich-nordisch.de\/index.php?rest_route=\/wp\/v2\/product"}],"about":[{"href":"https:\/\/store.natuerlich-nordisch.de\/index.php?rest_route=\/wp\/v2\/types\/product"}],"replies":[{"embeddable":true,"href":"https:\/\/store.natuerlich-nordisch.de\/index.php?rest_route=%2Fwp%2Fv2%2Fcomments&post=721"}],"wp:featuredmedia":[{"embeddable":true,"href":"https:\/\/store.natuerlich-nordisch.de\/index.php?rest_route=\/wp\/v2\/media\/722"}],"wp:attachment":[{"href":"https:\/\/store.natuerlich-nordisch.de\/index.php?rest_route=%2Fwp%2Fv2%2Fmedia&parent=721"}],"wp:term":[{"taxonomy":"product_brand","embeddable":true,"href":"https:\/\/store.natuerlich-nordisch.de\/index.php?rest_route=%2Fwp%2Fv2%2Fproduct_brand&post=721"},{"taxonomy":"product_cat","embeddable":true,"href":"https:\/\/store.natuerlich-nordisch.de\/index.php?rest_route=%2Fwp%2Fv2%2Fproduct_cat&post=721"},{"taxonomy":"product_tag","embeddable":true,"href":"https:\/\/store.natuerlich-nordisch.de\/index.php?rest_route=%2Fwp%2Fv2%2Fproduct_tag&post=721"}],"curies":[{"name":"wp","href":"https:\/\/api.w.org\/{rel}","templated":true}]}}