{"id":987,"date":"2019-12-08T18:30:41","date_gmt":"2019-12-08T17:30:41","guid":{"rendered":"https:\/\/store.natuerlich-nordisch.de\/?post_type=product&#038;p=987"},"modified":"2025-04-07T14:19:24","modified_gmt":"2025-04-07T12:19:24","slug":"kylskapspoesi-kaerlek-svenska-schwedisch","status":"publish","type":"product","link":"https:\/\/store.natuerlich-nordisch.de\/?product=kylskapspoesi-kaerlek-svenska-schwedisch","title":{"rendered":"Kylsk\u00e5pspoesi &#8211; K\u00fchlschrankpoesie, K\u00e4rlek (Liebe), svenska &#8211; schwedisch"},"content":{"rendered":"<p>Kylsk\u00e5pspoesi, K\u00e4rlek , svenska ; K\u00fchlschrankpoesie, k\u00e4rlek (Liebe), schwedisch; Orden g\u00f6r ditt kylsk\u00e5p till ett brev i st\u00e4ndig f\u00f6r\u00e4ndring. Mer \u00e4n 250 sensuella, gulliga och kul ord.<br \/>\n Mer \u00e4n 250 magneter (Mehr als 250 Magnetw\u00f6rter=konkret 360 Stck) . Achtung &#8211; Abbildung \u00e4hnlich!<br \/>\nAsken inneh\u00e5ller 360 magneter med karleksfulla ord. Anv\u00e4nd dem f\u00f6r Dina enga k\u00e4rleksdikter, eller ge den som present till n\u00e5gon Du tycker om. G\u00f6r ditt kylsk\u00e5p till ett k\u00e4rleksbrev i st\u00e4ndig f\u00f6r\u00e4ndring!<\/p>\n","protected":false},"excerpt":{"rendered":"<p>Kylsk\u00e5pspoesi , K\u00e4rlek , svenska &#8211; schwedisch<\/p>\n","protected":false},"featured_media":988,"comment_status":"open","ping_status":"closed","template":"","meta":[],"product_brand":[],"product_cat":[165,1449,527],"product_tag":[565,3216,3212,531,529,3214,1758,579,1751,533,539,537],"class_list":{"0":"post-987","1":"product","2":"type-product","3":"status-publish","4":"has-post-thumbnail","6":"product_cat-elch-und-schwedenartikel","7":"product_cat-schweden","8":"product_cat-thermometer","9":"product_tag-fridge-poetry-de","10":"product_tag-kaerlek","11":"product_tag-kuehlschrankmagneten","12":"product_tag-kuehlschrankpoesie","13":"product_tag-kylskapspoesi","14":"product_tag-liebe","15":"product_tag-magneten","16":"product_tag-magnetwoerter","17":"product_tag-original","18":"product_tag-schwedisch","19":"product_tag-svenska","20":"product_tag-swedish","22":"first","23":"outofstock","24":"taxable","25":"shipping-taxable","26":"purchasable","27":"product-type-simple"},"_links":{"self":[{"href":"https:\/\/store.natuerlich-nordisch.de\/index.php?rest_route=\/wp\/v2\/product\/987","targetHints":{"allow":["GET"]}}],"collection":[{"href":"https:\/\/store.natuerlich-nordisch.de\/index.php?rest_route=\/wp\/v2\/product"}],"about":[{"href":"https:\/\/store.natuerlich-nordisch.de\/index.php?rest_route=\/wp\/v2\/types\/product"}],"replies":[{"embeddable":true,"href":"https:\/\/store.natuerlich-nordisch.de\/index.php?rest_route=%2Fwp%2Fv2%2Fcomments&post=987"}],"wp:featuredmedia":[{"embeddable":true,"href":"https:\/\/store.natuerlich-nordisch.de\/index.php?rest_route=\/wp\/v2\/media\/988"}],"wp:attachment":[{"href":"https:\/\/store.natuerlich-nordisch.de\/index.php?rest_route=%2Fwp%2Fv2%2Fmedia&parent=987"}],"wp:term":[{"taxonomy":"product_brand","embeddable":true,"href":"https:\/\/store.natuerlich-nordisch.de\/index.php?rest_route=%2Fwp%2Fv2%2Fproduct_brand&post=987"},{"taxonomy":"product_cat","embeddable":true,"href":"https:\/\/store.natuerlich-nordisch.de\/index.php?rest_route=%2Fwp%2Fv2%2Fproduct_cat&post=987"},{"taxonomy":"product_tag","embeddable":true,"href":"https:\/\/store.natuerlich-nordisch.de\/index.php?rest_route=%2Fwp%2Fv2%2Fproduct_tag&post=987"}],"curies":[{"name":"wp","href":"https:\/\/api.w.org\/{rel}","templated":true}]}}